{"id":127,"date":"2025-03-13T09:11:12","date_gmt":"2025-03-13T09:11:12","guid":{"rendered":"https:\/\/agencija-k.com\/website_f3e21f78\/?page_id=127"},"modified":"2025-03-13T09:11:14","modified_gmt":"2025-03-13T09:11:14","slug":"127-2","status":"publish","type":"page","link":"https:\/\/agencija-k.com\/sl\/127-2\/","title":{"rendered":""},"content":{"rendered":"<h2 class=\"wp-block-heading has-text-align-center has-primary-color has-text-color has-link-color lemmony-animation wp-elements-d726bc8d39c9b95a3074296fdbfa20b6\" style=\"--lemmony-animation-name:lemmonyFadeInUp\">Agencija-K Produkcija<\/h2>\n\n\n\n<p class=\"has-text-align-center lemmony-animation\" style=\"--lemmony-animation-name:lemmonyFadeInUp\">Po\u0161ljite na\u0161i ekipi e-po\u0161to prek obrazca na spletnem mestu!<\/p>\n\n\n\n<div class=\"nfd-p-lg nfd-wb-forms__form-1 wp-block-group has-global-padding is-layout-constrained wp-container-core-group-is-layout-9058238a wp-block-group-is-layout-constrained\" style=\"padding-top:var(--wp--preset--spacing--40);padding-bottom:var(--wp--preset--spacing--40)\"><div class=\"wp-block-jetpack-contact-form is-style-default nfd-jp-form\"><a href=\"https:\/\/agencija-k.com\/sl\/127-2\/\" target=\"_blank\" rel=\"noopener noreferrer\">Submit a form.<\/a><\/div><\/div>\n\n\n\n<div style=\"height:50px\" aria-hidden=\"true\" class=\"wp-block-spacer\"><\/div>\n\n\n\n<div class=\"wp-block-buttons is-layout-flex wp-block-buttons-is-layout-flex\">\n<div class=\"wp-block-button\"><a class=\"wp-block-button__link wp-element-button\" href=\"https:\/\/agencija-k.com\/sl\/website_f3e21f78\/contact\/\" style=\"padding-top:var(--wp--preset--spacing--20);padding-right:var(--wp--preset--spacing--40);padding-bottom:var(--wp--preset--spacing--20);padding-left:var(--wp--preset--spacing--40)\">\u2190 Nazaj<\/a><\/div>\n<\/div>","protected":false},"excerpt":{"rendered":"<p>Agencija-K Production Send our team an email through our in site form!<\/p>","protected":false},"author":1,"featured_media":0,"parent":0,"menu_order":0,"comment_status":"closed","ping_status":"closed","template":"","meta":{"nf_dc_page":"","om_disable_all_campaigns":false,"_monsterinsights_skip_tracking":false,"_monsterinsights_sitenote_active":false,"_monsterinsights_sitenote_note":"","_monsterinsights_sitenote_category":0,"footnotes":""},"class_list":["post-127","page","type-page","status-publish","hentry"],"yoast_head":"<!-- This site is optimized with the Yoast SEO plugin v27.4 - https:\/\/yoast.com\/product\/yoast-seo-wordpress\/ -->\n<title>- Agencija K Produkcija<\/title>\n<meta name=\"robots\" content=\"index, follow, max-snippet:-1, max-image-preview:large, max-video-preview:-1\" \/>\n<link rel=\"canonical\" href=\"https:\/\/agencija-k.com\/sl\/127-2\/\" \/>\n<meta property=\"og:locale\" content=\"sl_SI\" \/>\n<meta property=\"og:type\" content=\"article\" \/>\n<meta property=\"og:title\" content=\"- Agencija K Produkcija\" \/>\n<meta property=\"og:description\" content=\"Agencija-K Production Send our team an email through our in site form!\" \/>\n<meta property=\"og:url\" content=\"https:\/\/agencija-k.com\/sl\/127-2\/\" \/>\n<meta property=\"og:site_name\" content=\"Agencija K Produkcija\" \/>\n<meta property=\"article:modified_time\" content=\"2025-03-13T09:11:14+00:00\" \/>\n<meta name=\"twitter:card\" content=\"summary_large_image\" \/>\n<meta name=\"twitter:label1\" content=\"Est. reading time\" \/>\n\t<meta name=\"twitter:data1\" content=\"1 minuta\" \/>\n<script type=\"application\/ld+json\" class=\"yoast-schema-graph\">{\"@context\":\"https:\\\/\\\/schema.org\",\"@graph\":[{\"@type\":\"WebPage\",\"@id\":\"https:\\\/\\\/agencija-k.com\\\/127-2\\\/\",\"url\":\"https:\\\/\\\/agencija-k.com\\\/127-2\\\/\",\"name\":\"- Agencija K Produkcija\",\"isPartOf\":{\"@id\":\"https:\\\/\\\/agencija-k.com\\\/#website\"},\"datePublished\":\"2025-03-13T09:11:12+00:00\",\"dateModified\":\"2025-03-13T09:11:14+00:00\",\"inLanguage\":\"sl-SI\",\"potentialAction\":[{\"@type\":\"ReadAction\",\"target\":[\"https:\\\/\\\/agencija-k.com\\\/127-2\\\/\"]}]},{\"@type\":\"WebSite\",\"@id\":\"https:\\\/\\\/agencija-k.com\\\/#website\",\"url\":\"https:\\\/\\\/agencija-k.com\\\/\",\"name\":\"Agencija K Produkcija\",\"description\":\"World-Class Event Production, Right at Your Doorstep.\",\"publisher\":{\"@id\":\"https:\\\/\\\/agencija-k.com\\\/#organization\"},\"potentialAction\":[{\"@type\":\"SearchAction\",\"target\":{\"@type\":\"EntryPoint\",\"urlTemplate\":\"https:\\\/\\\/agencija-k.com\\\/?s={search_term_string}\"},\"query-input\":{\"@type\":\"PropertyValueSpecification\",\"valueRequired\":true,\"valueName\":\"search_term_string\"}}],\"inLanguage\":\"sl-SI\"},{\"@type\":\"Organization\",\"@id\":\"https:\\\/\\\/agencija-k.com\\\/#organization\",\"name\":\"Agencija K Produkcija\",\"url\":\"https:\\\/\\\/agencija-k.com\\\/\",\"logo\":{\"@type\":\"ImageObject\",\"inLanguage\":\"sl-SI\",\"@id\":\"https:\\\/\\\/agencija-k.com\\\/#\\\/schema\\\/logo\\\/image\\\/\",\"url\":\"https:\\\/\\\/i0.wp.com\\\/agencija-k.com\\\/wp-content\\\/uploads\\\/2025\\\/03\\\/logoza-animacijo-2-1.png?fit=569%2C569&ssl=1\",\"contentUrl\":\"https:\\\/\\\/i0.wp.com\\\/agencija-k.com\\\/wp-content\\\/uploads\\\/2025\\\/03\\\/logoza-animacijo-2-1.png?fit=569%2C569&ssl=1\",\"width\":569,\"height\":569,\"caption\":\"Agencija K Produkcija\"},\"image\":{\"@id\":\"https:\\\/\\\/agencija-k.com\\\/#\\\/schema\\\/logo\\\/image\\\/\"},\"sameAs\":[\"https:\\\/\\\/www.instagram.com\\\/agencija_k_produkcija\\\/\"]}]}<\/script>\n<!-- \/ Yoast SEO plugin. -->","yoast_head_json":{"title":"- Agencija K Produkcija","robots":{"index":"index","follow":"follow","max-snippet":"max-snippet:-1","max-image-preview":"max-image-preview:large","max-video-preview":"max-video-preview:-1"},"canonical":"https:\/\/agencija-k.com\/sl\/127-2\/","og_locale":"sl_SI","og_type":"article","og_title":"- Agencija K Produkcija","og_description":"Agencija-K Production Send our team an email through our in site form!","og_url":"https:\/\/agencija-k.com\/sl\/127-2\/","og_site_name":"Agencija K Produkcija","article_modified_time":"2025-03-13T09:11:14+00:00","twitter_card":"summary_large_image","twitter_misc":{"Est. reading time":"1 minuta"},"schema":{"@context":"https:\/\/schema.org","@graph":[{"@type":"WebPage","@id":"https:\/\/agencija-k.com\/127-2\/","url":"https:\/\/agencija-k.com\/127-2\/","name":"- Agencija K Produkcija","isPartOf":{"@id":"https:\/\/agencija-k.com\/#website"},"datePublished":"2025-03-13T09:11:12+00:00","dateModified":"2025-03-13T09:11:14+00:00","inLanguage":"sl-SI","potentialAction":[{"@type":"ReadAction","target":["https:\/\/agencija-k.com\/127-2\/"]}]},{"@type":"WebSite","@id":"https:\/\/agencija-k.com\/#website","url":"https:\/\/agencija-k.com\/","name":"Agencija K Produkcija","description":"Produkcija dogodkov svetovnega razreda, tik pred va\u0161imi vrati.","publisher":{"@id":"https:\/\/agencija-k.com\/#organization"},"potentialAction":[{"@type":"SearchAction","target":{"@type":"EntryPoint","urlTemplate":"https:\/\/agencija-k.com\/?s={search_term_string}"},"query-input":{"@type":"PropertyValueSpecification","valueRequired":true,"valueName":"search_term_string"}}],"inLanguage":"sl-SI"},{"@type":"Organization","@id":"https:\/\/agencija-k.com\/#organization","name":"Agencija K Produkcija","url":"https:\/\/agencija-k.com\/","logo":{"@type":"ImageObject","inLanguage":"sl-SI","@id":"https:\/\/agencija-k.com\/#\/schema\/logo\/image\/","url":"https:\/\/i0.wp.com\/agencija-k.com\/wp-content\/uploads\/2025\/03\/logoza-animacijo-2-1.png?fit=569%2C569&ssl=1","contentUrl":"https:\/\/i0.wp.com\/agencija-k.com\/wp-content\/uploads\/2025\/03\/logoza-animacijo-2-1.png?fit=569%2C569&ssl=1","width":569,"height":569,"caption":"Agencija K Produkcija"},"image":{"@id":"https:\/\/agencija-k.com\/#\/schema\/logo\/image\/"},"sameAs":["https:\/\/www.instagram.com\/agencija_k_produkcija\/"]}]}},"jetpack_sharing_enabled":true,"_links":{"self":[{"href":"https:\/\/agencija-k.com\/sl\/wp-json\/wp\/v2\/pages\/127","targetHints":{"allow":["GET"]}}],"collection":[{"href":"https:\/\/agencija-k.com\/sl\/wp-json\/wp\/v2\/pages"}],"about":[{"href":"https:\/\/agencija-k.com\/sl\/wp-json\/wp\/v2\/types\/page"}],"author":[{"embeddable":true,"href":"https:\/\/agencija-k.com\/sl\/wp-json\/wp\/v2\/users\/1"}],"replies":[{"embeddable":true,"href":"https:\/\/agencija-k.com\/sl\/wp-json\/wp\/v2\/comments?post=127"}],"version-history":[{"count":2,"href":"https:\/\/agencija-k.com\/sl\/wp-json\/wp\/v2\/pages\/127\/revisions"}],"predecessor-version":[{"id":158,"href":"https:\/\/agencija-k.com\/sl\/wp-json\/wp\/v2\/pages\/127\/revisions\/158"}],"wp:attachment":[{"href":"https:\/\/agencija-k.com\/sl\/wp-json\/wp\/v2\/media?parent=127"}],"curies":[{"name":"wp","href":"https:\/\/api.w.org\/{rel}","templated":true}]}}