{"id":162,"date":"2025-03-14T10:18:44","date_gmt":"2025-03-14T10:18:44","guid":{"rendered":"https:\/\/agencija-k.com\/website_f3e21f78\/?page_id=162"},"modified":"2025-03-14T10:20:52","modified_gmt":"2025-03-14T10:20:52","slug":"162-2","status":"publish","type":"page","link":"https:\/\/agencija-k.com\/sl\/162-2\/","title":{"rendered":""},"content":{"rendered":"<h2 class=\"wp-block-heading has-text-align-center has-primary-color has-text-color has-link-color wp-elements-73be2cb44ff20c6b0d75030ed68c45ff\">Agencija-K Produkcija<\/h2>\n\n\n\n<div style=\"height:40px\" aria-hidden=\"true\" class=\"wp-block-spacer\"><\/div>\n\n\n\n<p class=\"has-text-align-center\">Najdete nas na <strong>Celov\u0161ka cesta 25, 1000 Ljubljana<\/strong>. Ne glede na to, ali ste na obisku zaradi sestanka ali se samo \u017eelite ustaviti, so na\u0161a vrata odprta!<\/p>\n\n\n\n<p class=\"has-text-align-center\">Za vsa vpra\u0161anja nas kontaktirajte pred obiskom. Veselimo se va\u0161ega obiska!<\/p>\n\n\n\n<div style=\"height:40px\" aria-hidden=\"true\" class=\"wp-block-spacer\"><\/div>\n\n\n\n<div class=\"wp-block-superb-addons-google-maps\"><div class=\"superbaddons-google-maps-block\" style=\"border-radius:0%;height:300px\"><iframe loading=\"lazy\" width=\"100%\" height=\"300px\" frameborder=\"0\" margin=\"0\" padding=\"0\" referrerpolicy=\"no-referrer-when-downgrade\" src=\"https:\/\/maps.google.com\/maps?width=100%&amp;height=100%&amp;q=Celov\u0161ka cesta 25, Ljubljana, 1000 Ljubljana&amp;t=&amp;z=9&amp;hl=en&amp;ie=UTF8&amp;iwloc=B&amp;output=embed\"><\/iframe><\/div><\/div>\n\n\n\n<div style=\"height:50px\" aria-hidden=\"true\" class=\"wp-block-spacer\"><\/div>\n\n\n\n<div class=\"wp-block-buttons is-layout-flex wp-block-buttons-is-layout-flex\">\n<div class=\"wp-block-button\"><a class=\"wp-block-button__link wp-element-button\" href=\"https:\/\/agencija-k.com\/sl\/website_f3e21f78\/contact\/\" style=\"padding-top:var(--wp--preset--spacing--20);padding-right:var(--wp--preset--spacing--30);padding-bottom:var(--wp--preset--spacing--20);padding-left:var(--wp--preset--spacing--30)\">\u2190 Nazaj<\/a><\/div>\n<\/div>","protected":false},"excerpt":{"rendered":"<p>Agencija-K Production Najdete nas na Celov\u0161ki cesti 25, 1000 Ljubljana. Ne glede na to, ali ste na obisku zaradi sestanka ali se samo \u017eelite ustaviti, so na\u0161a vrata odprta! Za vsa vpra\u0161anja nas kontaktirajte pred obiskom. Veselimo se va\u0161ega obiska!<\/p>","protected":false},"author":1,"featured_media":0,"parent":0,"menu_order":0,"comment_status":"closed","ping_status":"closed","template":"","meta":{"nf_dc_page":"","om_disable_all_campaigns":false,"_monsterinsights_skip_tracking":false,"_monsterinsights_sitenote_active":false,"_monsterinsights_sitenote_note":"","_monsterinsights_sitenote_category":0,"footnotes":""},"class_list":["post-162","page","type-page","status-publish","hentry"],"yoast_head":"<!-- This site is optimized with the Yoast SEO plugin v27.4 - https:\/\/yoast.com\/product\/yoast-seo-wordpress\/ -->\n<title>- Agencija K Produkcija<\/title>\n<meta name=\"robots\" content=\"index, follow, max-snippet:-1, max-image-preview:large, max-video-preview:-1\" \/>\n<link rel=\"canonical\" href=\"https:\/\/agencija-k.com\/sl\/162-2\/\" \/>\n<meta property=\"og:locale\" content=\"sl_SI\" \/>\n<meta property=\"og:type\" content=\"article\" \/>\n<meta property=\"og:title\" content=\"- Agencija K Produkcija\" \/>\n<meta property=\"og:description\" content=\"Agencija-K Production You can find us at Celov\u0161ka cesta 25, 1000 Ljubljana. Whether you\u2019re visiting for a meeting or just want to stop by, our doors are open! For any inquiries, feel free to contact us before your visit. We look forward to welcoming you!\" \/>\n<meta property=\"og:url\" content=\"https:\/\/agencija-k.com\/sl\/162-2\/\" \/>\n<meta property=\"og:site_name\" content=\"Agencija K Produkcija\" \/>\n<meta property=\"article:modified_time\" content=\"2025-03-14T10:20:52+00:00\" \/>\n<meta name=\"twitter:card\" content=\"summary_large_image\" \/>\n<meta name=\"twitter:label1\" content=\"Est. reading time\" \/>\n\t<meta name=\"twitter:data1\" content=\"1 minuta\" \/>\n<script type=\"application\/ld+json\" class=\"yoast-schema-graph\">{\"@context\":\"https:\\\/\\\/schema.org\",\"@graph\":[{\"@type\":\"WebPage\",\"@id\":\"https:\\\/\\\/agencija-k.com\\\/162-2\\\/\",\"url\":\"https:\\\/\\\/agencija-k.com\\\/162-2\\\/\",\"name\":\"- Agencija K Produkcija\",\"isPartOf\":{\"@id\":\"https:\\\/\\\/agencija-k.com\\\/#website\"},\"datePublished\":\"2025-03-14T10:18:44+00:00\",\"dateModified\":\"2025-03-14T10:20:52+00:00\",\"inLanguage\":\"sl-SI\",\"potentialAction\":[{\"@type\":\"ReadAction\",\"target\":[\"https:\\\/\\\/agencija-k.com\\\/162-2\\\/\"]}]},{\"@type\":\"WebSite\",\"@id\":\"https:\\\/\\\/agencija-k.com\\\/#website\",\"url\":\"https:\\\/\\\/agencija-k.com\\\/\",\"name\":\"Agencija K Produkcija\",\"description\":\"World-Class Event Production, Right at Your Doorstep.\",\"publisher\":{\"@id\":\"https:\\\/\\\/agencija-k.com\\\/#organization\"},\"potentialAction\":[{\"@type\":\"SearchAction\",\"target\":{\"@type\":\"EntryPoint\",\"urlTemplate\":\"https:\\\/\\\/agencija-k.com\\\/?s={search_term_string}\"},\"query-input\":{\"@type\":\"PropertyValueSpecification\",\"valueRequired\":true,\"valueName\":\"search_term_string\"}}],\"inLanguage\":\"sl-SI\"},{\"@type\":\"Organization\",\"@id\":\"https:\\\/\\\/agencija-k.com\\\/#organization\",\"name\":\"Agencija K Produkcija\",\"url\":\"https:\\\/\\\/agencija-k.com\\\/\",\"logo\":{\"@type\":\"ImageObject\",\"inLanguage\":\"sl-SI\",\"@id\":\"https:\\\/\\\/agencija-k.com\\\/#\\\/schema\\\/logo\\\/image\\\/\",\"url\":\"https:\\\/\\\/i0.wp.com\\\/agencija-k.com\\\/wp-content\\\/uploads\\\/2025\\\/03\\\/logoza-animacijo-2-1.png?fit=569%2C569&ssl=1\",\"contentUrl\":\"https:\\\/\\\/i0.wp.com\\\/agencija-k.com\\\/wp-content\\\/uploads\\\/2025\\\/03\\\/logoza-animacijo-2-1.png?fit=569%2C569&ssl=1\",\"width\":569,\"height\":569,\"caption\":\"Agencija K Produkcija\"},\"image\":{\"@id\":\"https:\\\/\\\/agencija-k.com\\\/#\\\/schema\\\/logo\\\/image\\\/\"},\"sameAs\":[\"https:\\\/\\\/www.instagram.com\\\/agencija_k_produkcija\\\/\"]}]}<\/script>\n<!-- \/ Yoast SEO plugin. -->","yoast_head_json":{"title":"- Agencija K Produkcija","robots":{"index":"index","follow":"follow","max-snippet":"max-snippet:-1","max-image-preview":"max-image-preview:large","max-video-preview":"max-video-preview:-1"},"canonical":"https:\/\/agencija-k.com\/sl\/162-2\/","og_locale":"sl_SI","og_type":"article","og_title":"- Agencija K Produkcija","og_description":"Agencija-K Production You can find us at Celov\u0161ka cesta 25, 1000 Ljubljana. Whether you\u2019re visiting for a meeting or just want to stop by, our doors are open! For any inquiries, feel free to contact us before your visit. We look forward to welcoming you!","og_url":"https:\/\/agencija-k.com\/sl\/162-2\/","og_site_name":"Agencija K Produkcija","article_modified_time":"2025-03-14T10:20:52+00:00","twitter_card":"summary_large_image","twitter_misc":{"Est. reading time":"1 minuta"},"schema":{"@context":"https:\/\/schema.org","@graph":[{"@type":"WebPage","@id":"https:\/\/agencija-k.com\/162-2\/","url":"https:\/\/agencija-k.com\/162-2\/","name":"- Agencija K Produkcija","isPartOf":{"@id":"https:\/\/agencija-k.com\/#website"},"datePublished":"2025-03-14T10:18:44+00:00","dateModified":"2025-03-14T10:20:52+00:00","inLanguage":"sl-SI","potentialAction":[{"@type":"ReadAction","target":["https:\/\/agencija-k.com\/162-2\/"]}]},{"@type":"WebSite","@id":"https:\/\/agencija-k.com\/#website","url":"https:\/\/agencija-k.com\/","name":"Agencija K Produkcija","description":"Produkcija dogodkov svetovnega razreda, tik pred va\u0161imi vrati.","publisher":{"@id":"https:\/\/agencija-k.com\/#organization"},"potentialAction":[{"@type":"SearchAction","target":{"@type":"EntryPoint","urlTemplate":"https:\/\/agencija-k.com\/?s={search_term_string}"},"query-input":{"@type":"PropertyValueSpecification","valueRequired":true,"valueName":"search_term_string"}}],"inLanguage":"sl-SI"},{"@type":"Organization","@id":"https:\/\/agencija-k.com\/#organization","name":"Agencija K Produkcija","url":"https:\/\/agencija-k.com\/","logo":{"@type":"ImageObject","inLanguage":"sl-SI","@id":"https:\/\/agencija-k.com\/#\/schema\/logo\/image\/","url":"https:\/\/i0.wp.com\/agencija-k.com\/wp-content\/uploads\/2025\/03\/logoza-animacijo-2-1.png?fit=569%2C569&ssl=1","contentUrl":"https:\/\/i0.wp.com\/agencija-k.com\/wp-content\/uploads\/2025\/03\/logoza-animacijo-2-1.png?fit=569%2C569&ssl=1","width":569,"height":569,"caption":"Agencija K Produkcija"},"image":{"@id":"https:\/\/agencija-k.com\/#\/schema\/logo\/image\/"},"sameAs":["https:\/\/www.instagram.com\/agencija_k_produkcija\/"]}]}},"jetpack_sharing_enabled":true,"_links":{"self":[{"href":"https:\/\/agencija-k.com\/sl\/wp-json\/wp\/v2\/pages\/162","targetHints":{"allow":["GET"]}}],"collection":[{"href":"https:\/\/agencija-k.com\/sl\/wp-json\/wp\/v2\/pages"}],"about":[{"href":"https:\/\/agencija-k.com\/sl\/wp-json\/wp\/v2\/types\/page"}],"author":[{"embeddable":true,"href":"https:\/\/agencija-k.com\/sl\/wp-json\/wp\/v2\/users\/1"}],"replies":[{"embeddable":true,"href":"https:\/\/agencija-k.com\/sl\/wp-json\/wp\/v2\/comments?post=162"}],"version-history":[{"count":2,"href":"https:\/\/agencija-k.com\/sl\/wp-json\/wp\/v2\/pages\/162\/revisions"}],"predecessor-version":[{"id":165,"href":"https:\/\/agencija-k.com\/sl\/wp-json\/wp\/v2\/pages\/162\/revisions\/165"}],"wp:attachment":[{"href":"https:\/\/agencija-k.com\/sl\/wp-json\/wp\/v2\/media?parent=162"}],"curies":[{"name":"wp","href":"https:\/\/api.w.org\/{rel}","templated":true}]}}