{"id":30,"date":"2025-03-12T15:46:28","date_gmt":"2025-03-12T15:46:28","guid":{"rendered":"https:\/\/agencija-k.com\/website_f3e21f78\/?page_id=30"},"modified":"2025-04-17T14:50:52","modified_gmt":"2025-04-17T14:50:52","slug":"contact","status":"publish","type":"page","link":"https:\/\/agencija-k.com\/sl\/contact\/","title":{"rendered":"Kontakt"},"content":{"rendered":"<div style=\"height:60px\" aria-hidden=\"true\" class=\"wp-block-spacer\"><\/div>\n\n\n\n<div class=\"wp-block-group alignwide has-global-padding is-layout-constrained wp-container-core-group-is-layout-9bcb33e3 wp-block-group-is-layout-constrained\" style=\"padding-top:var(--wp--preset--spacing--70);padding-bottom:var(--wp--preset--spacing--70)\">\n<div class=\"wp-block-group alignwide has-global-padding is-layout-constrained wp-container-core-group-is-layout-cb7db7bf wp-block-group-is-layout-constrained\" style=\"padding-top:0;padding-right:0px;padding-bottom:var(--wp--preset--spacing--60);padding-left:0px\">\n<h5 class=\"lemmony-animation lemmonyFadeInUp wp-block-heading has-text-align-center has-primary-color has-text-color has-link-color has-small-font-size wp-elements-8a73df839a5b005ad6681de2f29aba32\" style=\"line-height:1.6;--lemmony-animation-name:lemmonyFadeInUp\">Agencija-K Produkcija<\/h5>\n\n\n\n<h1 class=\"lemmony-animation lemmonyFadeInUp wp-block-heading has-text-align-center has-large-plus-font-size\" style=\"margin-top:0;line-height:1.3;--lemmony-animation-name:lemmonyFadeInUp\">Stopimo v stik<\/h1>\n\n\n\n<p class=\"has-text-align-center\">Agencija-K Produkcija je tu, da o\u017eivi va\u0161e prihodnje dogodke. Stopite v stik z na\u0161o predano ekipo prek spodnjih podrobnosti.<\/p>\n<\/div>\n\n\n\n<div class=\"wp-block-columns alignwide has-midground-alt-2-background-color has-background is-layout-flex wp-container-core-columns-is-layout-ceb339ea wp-block-columns-is-layout-flex\" style=\"padding-top:var(--wp--preset--spacing--60)\">\n<div class=\"wp-block-column is-layout-flow wp-block-column-is-layout-flow\">\n<div class=\"wp-block-columns is-layout-flex wp-container-core-columns-is-layout-28232c24 wp-block-columns-is-layout-flex\">\n<div class=\"wp-block-column is-layout-flow wp-block-column-is-layout-flow\" style=\"flex-basis:5%\"><\/div>\n\n\n\n<div class=\"wp-block-column is-layout-flow wp-block-column-is-layout-flow\">\n<div class=\"lemmony-fadein-bottom lemmony-delay-1 wp-block-group has-global-padding is-layout-constrained wp-container-core-group-is-layout-85ea6b59 wp-block-group-is-layout-constrained\" style=\"padding-top:0;padding-right:0;padding-bottom:0;padding-left:0\">\n<div class=\"lemmony-animation lemmonyFadeInDown wp-block-lemmony-companion-icon aligncenter\" style=\"font-size:clamp(27.894px, 1.743rem + ((1vw - 3.2px) * 1.571), 48px);--lemmony-animation-name:lemmonyFadeInDown\"><div class=\"lemmony-icon-wrapper\"><svg xmlns=\"http:\/\/www.w3.org\/2000\/svg\" viewbox=\"0 0 32 32\" data-reactroot=\"\"><path d=\"M25.5,27.5h-19c-2.757,0-5-2.333-5-5.2V9.7c0-2.867,2.243-5.2,5-5.2h19c2.757,0,5,2.333,5,5.2v12.6 C30.5,25.167,28.257,27.5,25.5,27.5z M6.5,6.5c-1.654,0-3,1.436-3,3.2v12.6c0,1.765,1.346,3.2,3,3.2h19c1.654,0,3-1.436,3-3.2V9.7 c0-1.765-1.346-3.2-3-3.2H6.5z M16,20.7c-1.167,0-2.333-0.343-3.352-1.027l-5.96-4.015c-0.458-0.309-0.579-0.93-0.271-1.388 c0.309-0.458,0.929-0.579,1.388-0.271l5.96,4.015c1.357,0.912,3.112,0.912,4.469,0l5.961-4.015c0.456-0.308,1.08-0.187,1.388,0.271 c0.309,0.458,0.188,1.08-0.271,1.388l-5.961,4.014C18.334,20.358,17.167,20.7,16,20.7z\"><\/path><\/svg><\/div><\/div>\n\n\n\n<h2 class=\"wp-block-heading has-text-align-center has-medium-font-size\" style=\"font-style:normal;font-weight:700;line-height:1.4\">Po\u0161ljite nam sporo\u010dilo<\/h2>\n\n\n\n<p class=\"has-text-align-center has-tiny-plus-font-size\">Ima\u0161 idejo? O\u017eivite jo z nami!<\/p>\n\n\n\n<p class=\"has-text-align-center has-small-font-size\" style=\"font-style:normal;font-weight:600;text-decoration:underline\"><a href=\"https:\/\/agencija-k.com\/sl\/website_f3e21f78\/127-2\/\" data-type=\"link\" data-id=\"https:\/\/agencija-k.com\/website_f3e21f78\/127-2\/\">info@agencija-k.com<\/a><\/p>\n<\/div>\n<\/div>\n\n\n\n<div class=\"wp-block-column is-layout-flow wp-block-column-is-layout-flow\" style=\"flex-basis:5%\"><\/div>\n<\/div>\n<\/div>\n\n\n\n<div class=\"wp-block-column is-layout-flow wp-block-column-is-layout-flow\">\n<div class=\"wp-block-columns is-layout-flex wp-container-core-columns-is-layout-28232c24 wp-block-columns-is-layout-flex\">\n<div class=\"wp-block-column is-layout-flow wp-block-column-is-layout-flow\" style=\"flex-basis:5%\"><\/div>\n\n\n\n<div class=\"wp-block-column is-layout-flow wp-block-column-is-layout-flow\">\n<div class=\"lemmony-fadein-bottom lemmony-delay-1 wp-block-group has-global-padding is-layout-constrained wp-container-core-group-is-layout-85ea6b59 wp-block-group-is-layout-constrained\" style=\"padding-top:0;padding-right:0;padding-bottom:0;padding-left:0\">\n<div class=\"lemmony-animation lemmonyFadeInDown wp-block-lemmony-companion-icon aligncenter\" style=\"font-size:clamp(27.894px, 1.743rem + ((1vw - 3.2px) * 1.571), 48px);--lemmony-animation-name:lemmonyFadeInDown;animation-delay:var(--lemmony-delay-xsmall)\"><div class=\"lemmony-icon-wrapper\"><svg xmlns=\"http:\/\/www.w3.org\/2000\/svg\" viewbox=\"0 0 32 32\" data-reactroot=\"\"><path d=\"M16,30.932c-0.535,0-1.037-0.208-1.414-0.586L7.01,22.771c-4.957-4.957-4.957-13.022,0-17.979 C9.411,2.39,12.604,1.068,16,1.068c3.396,0,6.588,1.322,8.989,3.724c4.957,4.957,4.957,13.022,0,17.979l-7.575,7.575 C17.036,30.724,16.534,30.932,16,30.932z M16,3.068c-2.862,0-5.552,1.114-7.576,3.138c-4.177,4.177-4.177,10.974,0,15.151 l7.577,7.576l7.574-7.576c4.177-4.177,4.177-10.974,0-15.151C21.552,4.182,18.862,3.068,16,3.068z M16,19.513 c-3.033,0-5.5-2.467-5.5-5.5s2.467-5.5,5.5-5.5c3.032,0,5.5,2.467,5.5,5.5S19.032,19.513,16,19.513z M16,10.513 c-1.93,0-3.5,1.57-3.5,3.5s1.57,3.5,3.5,3.5s3.5-1.57,3.5-3.5S17.93,10.513,16,10.513z\"><\/path><\/svg><\/div><\/div>\n\n\n\n<h2 class=\"wp-block-heading has-text-align-center has-medium-font-size\" style=\"font-style:normal;font-weight:700;line-height:1.4\">Naslov<\/h2>\n\n\n\n<p class=\"has-text-align-center has-tiny-plus-font-size\">Uresni\u010dimo to!<\/p>\n\n\n\n<p class=\"has-text-align-center has-small-font-size\" style=\"font-style:normal;font-weight:600;text-decoration:underline\"><a href=\"https:\/\/agencija-k.com\/sl\/website_f3e21f78\/162-2\/\" data-type=\"link\" data-id=\"https:\/\/agencija-k.com\/website_f3e21f78\/162-2\/\">Pojdite na Google maps<\/a><\/p>\n<\/div>\n<\/div>\n\n\n\n<div class=\"wp-block-column is-layout-flow wp-block-column-is-layout-flow\" style=\"flex-basis:5%\"><\/div>\n<\/div>\n<\/div>\n\n\n\n<div class=\"wp-block-column is-layout-flow wp-block-column-is-layout-flow\">\n<div class=\"wp-block-columns is-layout-flex wp-container-core-columns-is-layout-28232c24 wp-block-columns-is-layout-flex\">\n<div class=\"wp-block-column is-layout-flow wp-block-column-is-layout-flow\" style=\"flex-basis:5%\"><\/div>\n\n\n\n<div class=\"wp-block-column is-layout-flow wp-block-column-is-layout-flow\">\n<div class=\"lemmony-fadein-bottom lemmony-delay-1 wp-block-group has-global-padding is-layout-constrained wp-container-core-group-is-layout-85ea6b59 wp-block-group-is-layout-constrained\" style=\"padding-top:0;padding-right:0;padding-bottom:0;padding-left:0\">\n<div class=\"lemmony-animation lemmonyFadeInDown wp-block-lemmony-companion-icon aligncenter\" style=\"font-size:clamp(27.894px, 1.743rem + ((1vw - 3.2px) * 1.571), 48px);--lemmony-animation-name:lemmonyFadeInDown;animation-delay:var(--lemmony-delay-small)\"><div class=\"lemmony-icon-wrapper\"><svg xmlns=\"http:\/\/www.w3.org\/2000\/svg\" viewbox=\"0 0 32 32\" data-reactroot=\"\"><path d=\"M23.328,30.498c-0.827,0-1.659-0.233-2.385-0.712c-3.759-2.282-7.294-5.062-10.476-8.244 c-3.176-3.176-5.959-6.713-8.272-10.513C1.084,9.341,1.321,7.038,2.778,5.581l2.803-2.803c1.701-1.7,4.466-1.7,6.166,0l2.803,2.803 c1.7,1.7,1.7,4.465,0,6.165l0,0c-0.712,0.713-0.746,1.848-0.075,2.584c0.505,0.556,1.027,1.103,1.564,1.64 c0.538,0.538,1.084,1.059,1.641,1.565c0.735,0.669,1.87,0.638,2.583-0.076c1.7-1.7,4.468-1.7,6.166,0l2.795,2.796 c0.823,0.823,1.277,1.918,1.277,3.082s-0.453,2.26-1.277,3.083l-2.803,2.803C25.58,30.063,24.457,30.498,23.328,30.498z M8.664,3.502c-0.604,0-1.209,0.23-1.669,0.69L4.192,6.995C3.403,7.784,3.274,9.03,3.885,9.959 c2.249,3.694,4.934,7.105,7.997,10.169c3.069,3.068,6.478,5.749,10.131,7.969c0.959,0.631,2.205,0.5,2.994-0.288l2.803-2.803 c0.446-0.446,0.691-1.039,0.691-1.669s-0.245-1.223-0.691-1.668l-2.795-2.796c-0.92-0.92-2.418-0.92-3.338,0 c-1.467,1.47-3.815,1.531-5.343,0.141c-0.58-0.526-1.149-1.069-1.709-1.63c-0.559-0.559-1.102-1.128-1.629-1.708 c-1.39-1.527-1.328-3.875,0.141-5.344l0,0c0.92-0.92,0.92-2.417,0-3.337l-2.803-2.803C9.873,3.732,9.268,3.502,8.664,3.502z\"><\/path><\/svg><\/div><\/div>\n\n\n\n<h2 class=\"wp-block-heading has-text-align-center has-medium-font-size\" style=\"font-style:normal;font-weight:700;line-height:1.4\">Pokli\u010dite nas!<\/h2>\n\n\n\n<p class=\"has-text-align-center has-tiny-plus-font-size\">Pokli\u010dite na\u0161o ekipo in skupaj pretvorimo va\u0161e sanje v nepozaben dogodek!<\/p>\n\n\n\n<p class=\"has-text-align-center has-small-font-size\" style=\"font-style:normal;font-weight:600;text-decoration:underline\">Metod \u0160tigl: <a href=\"#\">+386 41 747 191<\/a> <br>Robi Kugler: <a href=\"#\">+386 41 541 228<\/a><br>Dejan Dolinar: <a href=\"#\">+386 40 777 977<\/a><\/p>\n<\/div>\n<\/div>\n\n\n\n<div class=\"wp-block-column is-layout-flow wp-block-column-is-layout-flow\" style=\"flex-basis:5%\"><\/div>\n<\/div>\n<\/div>\n<\/div>\n<\/div>\n\n\n\n<div style=\"height:45px\" aria-hidden=\"true\" class=\"wp-block-spacer\"><\/div>\n\n\n\n<figure class=\"wp-block-gallery has-nested-images columns-default is-cropped wp-block-gallery-1 is-layout-flex wp-block-gallery-is-layout-flex\">\n<figure class=\"is-style-hover-zoom wp-block-image size-large lemmony-animation\" style=\"--lemmony-animation-name:lemmonyFadeIn\"><img data-recalc-dims=\"1\" decoding=\"async\" width=\"1024\" height=\"683\" loading=\"lazy\" data-id=\"38\" src=\"https:\/\/i0.wp.com\/agencija-k.com\/wp-content\/uploads\/2025\/03\/ZLLA9175.jpg?resize=1024%2C683&#038;ssl=1\" alt=\"ZLLA Event\" class=\"wp-image-38\" srcset=\"https:\/\/i0.wp.com\/agencija-k.com\/wp-content\/uploads\/2025\/03\/ZLLA9175-scaled.jpg?resize=1024%2C683&amp;ssl=1 1024w, https:\/\/i0.wp.com\/agencija-k.com\/wp-content\/uploads\/2025\/03\/ZLLA9175-scaled.jpg?resize=300%2C200&amp;ssl=1 300w, https:\/\/i0.wp.com\/agencija-k.com\/wp-content\/uploads\/2025\/03\/ZLLA9175-scaled.jpg?resize=768%2C512&amp;ssl=1 768w, https:\/\/i0.wp.com\/agencija-k.com\/wp-content\/uploads\/2025\/03\/ZLLA9175-scaled.jpg?resize=1536%2C1024&amp;ssl=1 1536w, https:\/\/i0.wp.com\/agencija-k.com\/wp-content\/uploads\/2025\/03\/ZLLA9175-scaled.jpg?w=2000&amp;ssl=1 2000w\" sizes=\"auto, (max-width: 1000px) 100vw, 1000px\" \/><\/figure>\n\n\n\n<figure class=\"is-style-hover-zoom wp-block-image size-large lemmony-animation\" style=\"--lemmony-animation-name:lemmonyFadeIn\"><img data-recalc-dims=\"1\" decoding=\"async\" width=\"1024\" height=\"683\" loading=\"lazy\" data-id=\"26\" src=\"https:\/\/i0.wp.com\/agencija-k.com\/wp-content\/uploads\/2025\/03\/ZLLA8518.jpg?resize=1024%2C683&#038;ssl=1\" alt=\"ZLLA photo event by Agencija-K Production\" class=\"wp-image-26\" srcset=\"https:\/\/i0.wp.com\/agencija-k.com\/wp-content\/uploads\/2025\/03\/ZLLA8518-scaled.jpg?resize=1024%2C683&amp;ssl=1 1024w, https:\/\/i0.wp.com\/agencija-k.com\/wp-content\/uploads\/2025\/03\/ZLLA8518-scaled.jpg?resize=300%2C200&amp;ssl=1 300w, https:\/\/i0.wp.com\/agencija-k.com\/wp-content\/uploads\/2025\/03\/ZLLA8518-scaled.jpg?resize=768%2C512&amp;ssl=1 768w, https:\/\/i0.wp.com\/agencija-k.com\/wp-content\/uploads\/2025\/03\/ZLLA8518-scaled.jpg?resize=1536%2C1024&amp;ssl=1 1536w, https:\/\/i0.wp.com\/agencija-k.com\/wp-content\/uploads\/2025\/03\/ZLLA8518-scaled.jpg?resize=2048%2C1365&amp;ssl=1 2048w\" sizes=\"auto, (max-width: 1000px) 100vw, 1000px\" \/><\/figure>\n<\/figure>","protected":false},"excerpt":{"rendered":"<p>Agencija-K Production Let\u2019s Get in Touch Agencija-K Production is here to bring your future events to life. Get in touch with our dedicated team through the details below. Send us a message Got an idea? Bring it to life and send us an email! info@agencija-k.com Address Let\u2019s make it happen! Go to Google maps Call [&hellip;]<\/p>\n","protected":false},"author":1,"featured_media":0,"parent":0,"menu_order":0,"comment_status":"closed","ping_status":"closed","template":"","meta":{"nf_dc_page":"","om_disable_all_campaigns":false,"_monsterinsights_skip_tracking":false,"_monsterinsights_sitenote_active":false,"_monsterinsights_sitenote_note":"","_monsterinsights_sitenote_category":0,"footnotes":""},"class_list":["post-30","page","type-page","status-publish","hentry"],"yoast_head":"<!-- This site is optimized with the Yoast SEO plugin v27.4 - https:\/\/yoast.com\/product\/yoast-seo-wordpress\/ -->\n<title>Agencija-K Produkcija: Contact<\/title>\n<meta name=\"description\" content=\"Get in touch with Agencija-K for expert event production services, personalized solutions, and inquiries to bring your vision to life.\" \/>\n<meta name=\"robots\" content=\"index, follow, max-snippet:-1, max-image-preview:large, max-video-preview:-1\" \/>\n<link rel=\"canonical\" href=\"https:\/\/agencija-k.com\/sl\/contact\/\" \/>\n<meta property=\"og:locale\" content=\"sl_SI\" \/>\n<meta property=\"og:type\" content=\"article\" \/>\n<meta property=\"og:title\" content=\"Agencija-K Produkcija: Contact\" \/>\n<meta property=\"og:description\" content=\"Get in touch with Agencija-K for expert event production services, personalized solutions, and inquiries to bring your vision to life.\" \/>\n<meta property=\"og:url\" content=\"https:\/\/agencija-k.com\/sl\/contact\/\" \/>\n<meta property=\"og:site_name\" content=\"Agencija K Produkcija\" \/>\n<meta property=\"article:modified_time\" content=\"2025-04-17T14:50:52+00:00\" \/>\n<meta property=\"og:image\" content=\"https:\/\/agencija-k.com\/wp-content\/uploads\/2025\/03\/ZLLA9175-1024x683.jpg\" \/>\n<meta name=\"twitter:card\" content=\"summary_large_image\" \/>\n<meta name=\"twitter:label1\" content=\"Est. reading time\" \/>\n\t<meta name=\"twitter:data1\" content=\"1 minuta\" \/>\n<script type=\"application\/ld+json\" class=\"yoast-schema-graph\">{\"@context\":\"https:\\\/\\\/schema.org\",\"@graph\":[{\"@type\":\"WebPage\",\"@id\":\"https:\\\/\\\/agencija-k.com\\\/contact\\\/\",\"url\":\"https:\\\/\\\/agencija-k.com\\\/contact\\\/\",\"name\":\"Agencija-K Produkcija: Contact\",\"isPartOf\":{\"@id\":\"https:\\\/\\\/agencija-k.com\\\/#website\"},\"primaryImageOfPage\":{\"@id\":\"https:\\\/\\\/agencija-k.com\\\/contact\\\/#primaryimage\"},\"image\":{\"@id\":\"https:\\\/\\\/agencija-k.com\\\/contact\\\/#primaryimage\"},\"thumbnailUrl\":\"https:\\\/\\\/agencija-k.com\\\/wp-content\\\/uploads\\\/2025\\\/03\\\/ZLLA9175-1024x683.jpg\",\"datePublished\":\"2025-03-12T15:46:28+00:00\",\"dateModified\":\"2025-04-17T14:50:52+00:00\",\"description\":\"Get in touch with Agencija-K for expert event production services, personalized solutions, and inquiries to bring your vision to life.\",\"breadcrumb\":{\"@id\":\"https:\\\/\\\/agencija-k.com\\\/contact\\\/#breadcrumb\"},\"inLanguage\":\"sl-SI\",\"potentialAction\":[{\"@type\":\"ReadAction\",\"target\":[\"https:\\\/\\\/agencija-k.com\\\/contact\\\/\"]}]},{\"@type\":\"ImageObject\",\"inLanguage\":\"sl-SI\",\"@id\":\"https:\\\/\\\/agencija-k.com\\\/contact\\\/#primaryimage\",\"url\":\"https:\\\/\\\/agencija-k.com\\\/wp-content\\\/uploads\\\/2025\\\/03\\\/ZLLA9175-1024x683.jpg\",\"contentUrl\":\"https:\\\/\\\/agencija-k.com\\\/wp-content\\\/uploads\\\/2025\\\/03\\\/ZLLA9175-1024x683.jpg\"},{\"@type\":\"BreadcrumbList\",\"@id\":\"https:\\\/\\\/agencija-k.com\\\/contact\\\/#breadcrumb\",\"itemListElement\":[{\"@type\":\"ListItem\",\"position\":1,\"name\":\"Home\",\"item\":\"https:\\\/\\\/agencija-k.com\\\/\"},{\"@type\":\"ListItem\",\"position\":2,\"name\":\"Contact\"}]},{\"@type\":\"WebSite\",\"@id\":\"https:\\\/\\\/agencija-k.com\\\/#website\",\"url\":\"https:\\\/\\\/agencija-k.com\\\/\",\"name\":\"Agencija K Produkcija\",\"description\":\"World-Class Event Production, Right at Your Doorstep.\",\"publisher\":{\"@id\":\"https:\\\/\\\/agencija-k.com\\\/#organization\"},\"potentialAction\":[{\"@type\":\"SearchAction\",\"target\":{\"@type\":\"EntryPoint\",\"urlTemplate\":\"https:\\\/\\\/agencija-k.com\\\/?s={search_term_string}\"},\"query-input\":{\"@type\":\"PropertyValueSpecification\",\"valueRequired\":true,\"valueName\":\"search_term_string\"}}],\"inLanguage\":\"sl-SI\"},{\"@type\":\"Organization\",\"@id\":\"https:\\\/\\\/agencija-k.com\\\/#organization\",\"name\":\"Agencija K Produkcija\",\"url\":\"https:\\\/\\\/agencija-k.com\\\/\",\"logo\":{\"@type\":\"ImageObject\",\"inLanguage\":\"sl-SI\",\"@id\":\"https:\\\/\\\/agencija-k.com\\\/#\\\/schema\\\/logo\\\/image\\\/\",\"url\":\"https:\\\/\\\/i0.wp.com\\\/agencija-k.com\\\/wp-content\\\/uploads\\\/2025\\\/03\\\/logoza-animacijo-2-1.png?fit=569%2C569&ssl=1\",\"contentUrl\":\"https:\\\/\\\/i0.wp.com\\\/agencija-k.com\\\/wp-content\\\/uploads\\\/2025\\\/03\\\/logoza-animacijo-2-1.png?fit=569%2C569&ssl=1\",\"width\":569,\"height\":569,\"caption\":\"Agencija K Produkcija\"},\"image\":{\"@id\":\"https:\\\/\\\/agencija-k.com\\\/#\\\/schema\\\/logo\\\/image\\\/\"},\"sameAs\":[\"https:\\\/\\\/www.instagram.com\\\/agencija_k_produkcija\\\/\"]}]}<\/script>\n<!-- \/ Yoast SEO plugin. -->","yoast_head_json":{"title":"Agencija-K Produkcija: Contact","description":"Get in touch with Agencija-K for expert event production services, personalized solutions, and inquiries to bring your vision to life.","robots":{"index":"index","follow":"follow","max-snippet":"max-snippet:-1","max-image-preview":"max-image-preview:large","max-video-preview":"max-video-preview:-1"},"canonical":"https:\/\/agencija-k.com\/sl\/contact\/","og_locale":"sl_SI","og_type":"article","og_title":"Agencija-K Produkcija: Contact","og_description":"Get in touch with Agencija-K for expert event production services, personalized solutions, and inquiries to bring your vision to life.","og_url":"https:\/\/agencija-k.com\/sl\/contact\/","og_site_name":"Agencija K Produkcija","article_modified_time":"2025-04-17T14:50:52+00:00","og_image":[{"url":"https:\/\/agencija-k.com\/wp-content\/uploads\/2025\/03\/ZLLA9175-1024x683.jpg","type":"","width":"","height":""}],"twitter_card":"summary_large_image","twitter_misc":{"Est. reading time":"1 minuta"},"schema":{"@context":"https:\/\/schema.org","@graph":[{"@type":"WebPage","@id":"https:\/\/agencija-k.com\/contact\/","url":"https:\/\/agencija-k.com\/contact\/","name":"Agencija-K Produkcija: Contact","isPartOf":{"@id":"https:\/\/agencija-k.com\/#website"},"primaryImageOfPage":{"@id":"https:\/\/agencija-k.com\/contact\/#primaryimage"},"image":{"@id":"https:\/\/agencija-k.com\/contact\/#primaryimage"},"thumbnailUrl":"https:\/\/agencija-k.com\/wp-content\/uploads\/2025\/03\/ZLLA9175-1024x683.jpg","datePublished":"2025-03-12T15:46:28+00:00","dateModified":"2025-04-17T14:50:52+00:00","description":"Get in touch with Agencija-K for expert event production services, personalized solutions, and inquiries to bring your vision to life.","breadcrumb":{"@id":"https:\/\/agencija-k.com\/contact\/#breadcrumb"},"inLanguage":"sl-SI","potentialAction":[{"@type":"ReadAction","target":["https:\/\/agencija-k.com\/contact\/"]}]},{"@type":"ImageObject","inLanguage":"sl-SI","@id":"https:\/\/agencija-k.com\/contact\/#primaryimage","url":"https:\/\/agencija-k.com\/wp-content\/uploads\/2025\/03\/ZLLA9175-1024x683.jpg","contentUrl":"https:\/\/agencija-k.com\/wp-content\/uploads\/2025\/03\/ZLLA9175-1024x683.jpg"},{"@type":"BreadcrumbList","@id":"https:\/\/agencija-k.com\/contact\/#breadcrumb","itemListElement":[{"@type":"ListItem","position":1,"name":"Home","item":"https:\/\/agencija-k.com\/"},{"@type":"ListItem","position":2,"name":"Contact"}]},{"@type":"WebSite","@id":"https:\/\/agencija-k.com\/#website","url":"https:\/\/agencija-k.com\/","name":"Agencija K Produkcija","description":"Produkcija dogodkov svetovnega razreda, tik pred va\u0161imi vrati.","publisher":{"@id":"https:\/\/agencija-k.com\/#organization"},"potentialAction":[{"@type":"SearchAction","target":{"@type":"EntryPoint","urlTemplate":"https:\/\/agencija-k.com\/?s={search_term_string}"},"query-input":{"@type":"PropertyValueSpecification","valueRequired":true,"valueName":"search_term_string"}}],"inLanguage":"sl-SI"},{"@type":"Organization","@id":"https:\/\/agencija-k.com\/#organization","name":"Agencija K Produkcija","url":"https:\/\/agencija-k.com\/","logo":{"@type":"ImageObject","inLanguage":"sl-SI","@id":"https:\/\/agencija-k.com\/#\/schema\/logo\/image\/","url":"https:\/\/i0.wp.com\/agencija-k.com\/wp-content\/uploads\/2025\/03\/logoza-animacijo-2-1.png?fit=569%2C569&ssl=1","contentUrl":"https:\/\/i0.wp.com\/agencija-k.com\/wp-content\/uploads\/2025\/03\/logoza-animacijo-2-1.png?fit=569%2C569&ssl=1","width":569,"height":569,"caption":"Agencija K Produkcija"},"image":{"@id":"https:\/\/agencija-k.com\/#\/schema\/logo\/image\/"},"sameAs":["https:\/\/www.instagram.com\/agencija_k_produkcija\/"]}]}},"jetpack_sharing_enabled":true,"_links":{"self":[{"href":"https:\/\/agencija-k.com\/sl\/wp-json\/wp\/v2\/pages\/30","targetHints":{"allow":["GET"]}}],"collection":[{"href":"https:\/\/agencija-k.com\/sl\/wp-json\/wp\/v2\/pages"}],"about":[{"href":"https:\/\/agencija-k.com\/sl\/wp-json\/wp\/v2\/types\/page"}],"author":[{"embeddable":true,"href":"https:\/\/agencija-k.com\/sl\/wp-json\/wp\/v2\/users\/1"}],"replies":[{"embeddable":true,"href":"https:\/\/agencija-k.com\/sl\/wp-json\/wp\/v2\/comments?post=30"}],"version-history":[{"count":15,"href":"https:\/\/agencija-k.com\/sl\/wp-json\/wp\/v2\/pages\/30\/revisions"}],"predecessor-version":[{"id":259,"href":"https:\/\/agencija-k.com\/sl\/wp-json\/wp\/v2\/pages\/30\/revisions\/259"}],"wp:attachment":[{"href":"https:\/\/agencija-k.com\/sl\/wp-json\/wp\/v2\/media?parent=30"}],"curies":[{"name":"wp","href":"https:\/\/api.w.org\/{rel}","templated":true}]}}